{"id":380,"date":"2023-05-21T22:44:11","date_gmt":"2023-05-21T22:44:11","guid":{"rendered":"https:\/\/abicker.de\/?page_id=380"},"modified":"2023-05-21T22:44:11","modified_gmt":"2023-05-21T22:44:11","slug":"wynchemna-sprachschule-in-kanada","status":"publish","type":"page","link":"https:\/\/abicker.de\/index.php\/wynchemna-sprachschule-in-kanada\/","title":{"rendered":"Wynchemna Sprachschule in Kanada"},"content":{"rendered":"<p>Wynchemna ist ein sehr empfehlenswerte Sprach- und Reise-Camp in Kanada.<\/p>\n<p><a href=\"https:\/\/abicker.de\/wp-content\/uploads\/2022\/01\/Calgary-brochure.jpg\" target=\"_blank\" rel=\"noopener\"><img loading=\"lazy\" decoding=\"async\" class=\"alignnone size-medium wp-image-327\" src=\"https:\/\/abicker.de\/wp-content\/uploads\/2022\/01\/Calgary-brochure-300x202.jpg\" alt=\"\" width=\"300\" height=\"202\" srcset=\"https:\/\/abicker.de\/wp-content\/uploads\/2022\/01\/Calgary-brochure-300x202.jpg 300w, https:\/\/abicker.de\/wp-content\/uploads\/2022\/01\/Calgary-brochure-1024x689.jpg 1024w, https:\/\/abicker.de\/wp-content\/uploads\/2022\/01\/Calgary-brochure-768x517.jpg 768w, https:\/\/abicker.de\/wp-content\/uploads\/2022\/01\/Calgary-brochure-1292x869.jpg 1292w, https:\/\/abicker.de\/wp-content\/uploads\/2022\/01\/Calgary-brochure-936x630.jpg 936w, https:\/\/abicker.de\/wp-content\/uploads\/2022\/01\/Calgary-brochure.jpg 1302w\" sizes=\"auto, (max-width: 300px) 100vw, 300px\" \/><\/a><\/p>\n<p><a href=\"https:\/\/abicker.de\/wp-content\/uploads\/2022\/12\/Calgary-Brochure-.pdf\" target=\"_blank\" rel=\"noopener\">Info-Brosch\u00fcre &#8222;Calgary&#8220;<\/a><\/p>\n<p><a href=\"https:\/\/abicker.de\/wp-content\/uploads\/2022\/12\/Wynchemna-Vancouver-Brochure.pdf\" target=\"_blank\" rel=\"noopener\">Info-Brosch\u00fcre &#8222;Vancouver&#8220;<\/a><\/p>\n<p><a href=\"https:\/\/abicker.de\/wp-content\/uploads\/2022\/12\/Vancouver-Example-Schedule-3-weeks.pdf\" target=\"_blank\" rel=\"noopener\">Beispiel-Terminplan f\u00fcr 3 Wochen Vancouver<\/a><\/p>\n<p><a href=\"https:\/\/abicker.de\/wp-content\/uploads\/2022\/12\/Two-Cities-Course-Calgary-Vancouver-info-sheet-for-15-to-23-years-old-2023.pdf\" target=\"_blank\" rel=\"noopener\">Zwei-St\u00e4dte-Kurs Calgary &amp; Vancouver<\/a><\/p>\n<p><a href=\"https:\/\/abicker.de\/wp-content\/uploads\/2022\/12\/Calgary-Wynchemna-info-sheet-for-10-to-14-years-old-2023.pdf\" target=\"_blank\" rel=\"noopener\">Calgary-Kurs 10 &#8211; 14 Jahre<\/a><\/p>\n<p><a href=\"https:\/\/abicker.de\/wp-content\/uploads\/2022\/12\/Calgary-Wynchemna-info-sheet-for-15-to-23-years-old-2023.pdf\" target=\"_blank\" rel=\"noopener\">Calgary-Kurs 15 &#8211; 23 Jahre<\/a><\/p>\n<p><a href=\"https:\/\/abicker.de\/wp-content\/uploads\/2022\/12\/Vancouver-Wynchemna-info-sheet-for-13-to-21-years-old-2023.pdf\" target=\"_blank\" rel=\"noopener\">Vancouver-Kurs 13 &#8211; 21 Jahre<\/a><\/p>\n<p>&nbsp;<\/p>\n<p>&nbsp;<\/p>\n","protected":false},"excerpt":{"rendered":"<p>Wynchemna ist ein sehr empfehlenswerte Sprach- und Reise-Camp in Kanada. Info-Brosch\u00fcre &#8222;Calgary&#8220; Info-Brosch\u00fcre &#8222;Vancouver&#8220; Beispiel-Terminplan&#8230;<\/p>\n","protected":false},"author":1,"featured_media":0,"parent":0,"menu_order":0,"comment_status":"closed","ping_status":"closed","template":"","meta":{"footnotes":""},"class_list":["post-380","page","type-page","status-publish","hentry"],"yoast_head":"<!-- This site is optimized with the Yoast SEO plugin v18.5.1 - https:\/\/yoast.com\/wordpress\/plugins\/seo\/ -->\n<title>Wynchemna Sprachschule in Kanada - Presseb\u00fcro Arne Bicker<\/title>\n<meta name=\"robots\" content=\"index, follow, max-snippet:-1, max-image-preview:large, max-video-preview:-1\" \/>\n<link rel=\"canonical\" href=\"https:\/\/abicker.de\/index.php\/wynchemna-sprachschule-in-kanada\/\" \/>\n<meta property=\"og:locale\" content=\"de_DE\" \/>\n<meta property=\"og:type\" content=\"article\" \/>\n<meta property=\"og:title\" content=\"Wynchemna Sprachschule in Kanada - Presseb\u00fcro Arne Bicker\" \/>\n<meta property=\"og:description\" content=\"Wynchemna ist ein sehr empfehlenswerte Sprach- und Reise-Camp in Kanada. Info-Brosch\u00fcre &#8222;Calgary&#8220; Info-Brosch\u00fcre &#8222;Vancouver&#8220; Beispiel-Terminplan...\" \/>\n<meta property=\"og:url\" content=\"https:\/\/abicker.de\/index.php\/wynchemna-sprachschule-in-kanada\/\" \/>\n<meta property=\"og:site_name\" content=\"Presseb\u00fcro Arne Bicker\" \/>\n<meta property=\"og:image\" content=\"https:\/\/abicker.de\/wp-content\/uploads\/2022\/01\/Calgary-brochure-300x202.jpg\" \/>\n<meta name=\"twitter:card\" content=\"summary_large_image\" \/>\n<script type=\"application\/ld+json\" class=\"yoast-schema-graph\">{\"@context\":\"https:\/\/schema.org\",\"@graph\":[{\"@type\":\"WebSite\",\"@id\":\"https:\/\/abicker.de\/#website\",\"url\":\"https:\/\/abicker.de\/\",\"name\":\"Presseb\u00fcro Arne Bicker\",\"description\":\"Journalist | Moderator | Sprecher | Autor\",\"potentialAction\":[{\"@type\":\"SearchAction\",\"target\":{\"@type\":\"EntryPoint\",\"urlTemplate\":\"https:\/\/abicker.de\/?s={search_term_string}\"},\"query-input\":\"required name=search_term_string\"}],\"inLanguage\":\"de\"},{\"@type\":\"ImageObject\",\"@id\":\"https:\/\/abicker.de\/index.php\/wynchemna-sprachschule-in-kanada\/#primaryimage\",\"inLanguage\":\"de\",\"url\":\"https:\/\/abicker.de\/wp-content\/uploads\/2022\/01\/Calgary-brochure.jpg\",\"contentUrl\":\"https:\/\/abicker.de\/wp-content\/uploads\/2022\/01\/Calgary-brochure.jpg\",\"width\":1302,\"height\":876},{\"@type\":\"WebPage\",\"@id\":\"https:\/\/abicker.de\/index.php\/wynchemna-sprachschule-in-kanada\/#webpage\",\"url\":\"https:\/\/abicker.de\/index.php\/wynchemna-sprachschule-in-kanada\/\",\"name\":\"Wynchemna Sprachschule in Kanada - Presseb\u00fcro Arne Bicker\",\"isPartOf\":{\"@id\":\"https:\/\/abicker.de\/#website\"},\"primaryImageOfPage\":{\"@id\":\"https:\/\/abicker.de\/index.php\/wynchemna-sprachschule-in-kanada\/#primaryimage\"},\"datePublished\":\"2023-05-21T22:44:11+00:00\",\"dateModified\":\"2023-05-21T22:44:11+00:00\",\"breadcrumb\":{\"@id\":\"https:\/\/abicker.de\/index.php\/wynchemna-sprachschule-in-kanada\/#breadcrumb\"},\"inLanguage\":\"de\",\"potentialAction\":[{\"@type\":\"ReadAction\",\"target\":[\"https:\/\/abicker.de\/index.php\/wynchemna-sprachschule-in-kanada\/\"]}]},{\"@type\":\"BreadcrumbList\",\"@id\":\"https:\/\/abicker.de\/index.php\/wynchemna-sprachschule-in-kanada\/#breadcrumb\",\"itemListElement\":[{\"@type\":\"ListItem\",\"position\":1,\"name\":\"Home\",\"item\":\"https:\/\/abicker.de\/\"},{\"@type\":\"ListItem\",\"position\":2,\"name\":\"Wynchemna Sprachschule in Kanada\"}]}]}<\/script>\n<!-- \/ Yoast SEO plugin. -->","yoast_head_json":{"title":"Wynchemna Sprachschule in Kanada - Presseb\u00fcro Arne Bicker","robots":{"index":"index","follow":"follow","max-snippet":"max-snippet:-1","max-image-preview":"max-image-preview:large","max-video-preview":"max-video-preview:-1"},"canonical":"https:\/\/abicker.de\/index.php\/wynchemna-sprachschule-in-kanada\/","og_locale":"de_DE","og_type":"article","og_title":"Wynchemna Sprachschule in Kanada - Presseb\u00fcro Arne Bicker","og_description":"Wynchemna ist ein sehr empfehlenswerte Sprach- und Reise-Camp in Kanada. Info-Brosch\u00fcre &#8222;Calgary&#8220; Info-Brosch\u00fcre &#8222;Vancouver&#8220; Beispiel-Terminplan...","og_url":"https:\/\/abicker.de\/index.php\/wynchemna-sprachschule-in-kanada\/","og_site_name":"Presseb\u00fcro Arne Bicker","og_image":[{"url":"https:\/\/abicker.de\/wp-content\/uploads\/2022\/01\/Calgary-brochure-300x202.jpg"}],"twitter_card":"summary_large_image","schema":{"@context":"https:\/\/schema.org","@graph":[{"@type":"WebSite","@id":"https:\/\/abicker.de\/#website","url":"https:\/\/abicker.de\/","name":"Presseb\u00fcro Arne Bicker","description":"Journalist | Moderator | Sprecher | Autor","potentialAction":[{"@type":"SearchAction","target":{"@type":"EntryPoint","urlTemplate":"https:\/\/abicker.de\/?s={search_term_string}"},"query-input":"required name=search_term_string"}],"inLanguage":"de"},{"@type":"ImageObject","@id":"https:\/\/abicker.de\/index.php\/wynchemna-sprachschule-in-kanada\/#primaryimage","inLanguage":"de","url":"https:\/\/abicker.de\/wp-content\/uploads\/2022\/01\/Calgary-brochure.jpg","contentUrl":"https:\/\/abicker.de\/wp-content\/uploads\/2022\/01\/Calgary-brochure.jpg","width":1302,"height":876},{"@type":"WebPage","@id":"https:\/\/abicker.de\/index.php\/wynchemna-sprachschule-in-kanada\/#webpage","url":"https:\/\/abicker.de\/index.php\/wynchemna-sprachschule-in-kanada\/","name":"Wynchemna Sprachschule in Kanada - Presseb\u00fcro Arne Bicker","isPartOf":{"@id":"https:\/\/abicker.de\/#website"},"primaryImageOfPage":{"@id":"https:\/\/abicker.de\/index.php\/wynchemna-sprachschule-in-kanada\/#primaryimage"},"datePublished":"2023-05-21T22:44:11+00:00","dateModified":"2023-05-21T22:44:11+00:00","breadcrumb":{"@id":"https:\/\/abicker.de\/index.php\/wynchemna-sprachschule-in-kanada\/#breadcrumb"},"inLanguage":"de","potentialAction":[{"@type":"ReadAction","target":["https:\/\/abicker.de\/index.php\/wynchemna-sprachschule-in-kanada\/"]}]},{"@type":"BreadcrumbList","@id":"https:\/\/abicker.de\/index.php\/wynchemna-sprachschule-in-kanada\/#breadcrumb","itemListElement":[{"@type":"ListItem","position":1,"name":"Home","item":"https:\/\/abicker.de\/"},{"@type":"ListItem","position":2,"name":"Wynchemna Sprachschule in Kanada"}]}]}},"_links":{"self":[{"href":"https:\/\/abicker.de\/index.php\/wp-json\/wp\/v2\/pages\/380","targetHints":{"allow":["GET"]}}],"collection":[{"href":"https:\/\/abicker.de\/index.php\/wp-json\/wp\/v2\/pages"}],"about":[{"href":"https:\/\/abicker.de\/index.php\/wp-json\/wp\/v2\/types\/page"}],"author":[{"embeddable":true,"href":"https:\/\/abicker.de\/index.php\/wp-json\/wp\/v2\/users\/1"}],"replies":[{"embeddable":true,"href":"https:\/\/abicker.de\/index.php\/wp-json\/wp\/v2\/comments?post=380"}],"version-history":[{"count":1,"href":"https:\/\/abicker.de\/index.php\/wp-json\/wp\/v2\/pages\/380\/revisions"}],"predecessor-version":[{"id":381,"href":"https:\/\/abicker.de\/index.php\/wp-json\/wp\/v2\/pages\/380\/revisions\/381"}],"wp:attachment":[{"href":"https:\/\/abicker.de\/index.php\/wp-json\/wp\/v2\/media?parent=380"}],"curies":[{"name":"wp","href":"https:\/\/api.w.org\/{rel}","templated":true}]}}