{"id":179,"date":"2021-12-23T22:02:20","date_gmt":"2021-12-23T22:02:20","guid":{"rendered":"https:\/\/abicker.de\/?page_id=179"},"modified":"2021-12-23T22:02:20","modified_gmt":"2021-12-23T22:02:20","slug":"datenschutzerklaerung","status":"publish","type":"page","link":"https:\/\/abicker.de\/index.php\/datenschutzerklaerung\/","title":{"rendered":"Datenschutzerkl\u00e4rung"},"content":{"rendered":"\r\n\r\nDatenschutz\r\n\r\n\r\n\r\nDer Schutz Ihrer personenbezogenen Daten ist f\u00fcr uns wichtig. F\u00fcr die Nutzer der Website www.abicker.de gilt die folgende Datenschutzerkl\u00e4rung.\r\n\r\n\r\n\r\nInformation \u00fcber die Erhebung personenbezogener Daten\r\n\r\n\r\n\r\n(1) Im Folgenden informieren wir \u00fcber die Erhebung personenbezogener Daten bei Nutzung unserer Website. Personenbezogene Daten sind alle Daten, die auf Sie pers\u00f6nlich beziehbar sind, z. B. Name, Adresse, Server-Log- und Zugriffz\u00e4hler-Dateien (Nutzerverhalten) oder Ihre E-Mail-Adresse.\r\n\r\n\r\n\r\n(2) Verantwortlicher gem. Art. 4 Abs. 7 EU-Datenschutz-Grundverordnung (DSGVO) ist der Webseitenbetreiber Arne Bicker, s. Impressum.\r\n\r\n\r\n\r\n(3) Bei Ihrer Kontaktaufnahme mit uns per E-Mail oder \u00fcber eine Newsletter-Anmeldung (soweit vorgesehen) werden die von Ihnen mitgeteilten Daten (Ihre E-Mail-Adresse sowie ggf. Ihr Name) von uns nur gespeichert, um Ihre Mail zu beantworten resp. Ihnen den regelm\u00e4\u00dfigen Newsletter zuzustellen. Die in diesem Zusammenhang anfallenden Daten l\u00f6schen wir, nachdem die Speicherung nicht mehr erforderlich ist, und beachten ansonsten grunds\u00e4tzlich s\u00e4mtliche gesetzlichen Vorgaben.\r\n\r\n\r\n\r\n(4) Falls wir f\u00fcr einzelne Funktionen unseres Angebots auf beauftragte Dienstleister zur\u00fcckgreifen oder Ihre Daten f\u00fcr werbliche Zwecke nutzen m\u00f6chten, werden wir Sie ausdr\u00fccklich informieren und zuvor Ihre Erlaubnis einholen. Eine \u00dcbermittlung Ihrer pers\u00f6nlichen Daten an Dritte k\u00f6nnte also nur erfolgen, wenn Sie dies laut DSGVO ausdr\u00fccklich bewilligen und soweit dies gesetzlich zul\u00e4ssig ist.\r\n\r\n\r\n\r\nCookies\r\n\r\n\r\n\r\nDie von unserer Seite nicht vorgesehene Installation von Cookies k\u00f6nnen Sie grunds\u00e4tzlich durch eine entsprechende Einstellung Ihres Browsers unterbinden.\r\n\r\n\r\n\r\nServer-Log- und Zugriffz\u00e4hler-Dateien\r\n\r\n\r\n\r\nDer Provider der Seiten sowie ein Zugriffz\u00e4hler erheben und speichern ggfs. Informationen, die Ihr Browser automatisch \u00fcbermittelt, in sog. \u201eServer-Log-\u201e oder \u201eStat-Counter-Dateien\u201c. Dies k\u00f6nnen sein: Browsertyp und Browserversion, verwendetes Betriebssystem, Bearbeitung der Anfrage, Zeitdauer und Herkunft der Anfrage. Diese Daten geben wir nicht ohne Ihre Einwilligung an Dritte weiter.\r\n\r\n\r\n\r\nRecht auf Auskunft, L\u00f6schung, Sperrung\r\n\r\n\r\n\r\nSie haben jederzeit das Recht auf unentgeltliche Auskunft zu Ihren bei uns gespeicherten, personenbezogenen Daten, deren Herkunft und Empf\u00e4nger und zum Zweck der Datenverarbeitung sowie ein Recht auf Berichtigung, Sperrung oder L\u00f6schung dieser Daten. Diese Daten geben wir nicht ohne Ihre Einwilligung an Dritte weiter. Hierzu, sowie zu weiteren Fragen zum Thema personenbezogene Daten k\u00f6nnen Sie sich jederzeit unter der im Impressum angegebenen Adresse an uns wenden.\r\n\r\n\r\n\r\nWiderruf der Verarbeitung Ihrer Daten\r\n\r\n\r\n\r\nFalls Sie eine Einwilligung zur Verarbeitung Ihrer Daten erteilt haben, k\u00f6nnen Sie diese jederzeit widerrufen. Selbstverst\u00e4ndlich k\u00f6nnen Sie der Verarbeitung Ihrer personenbezogenen Daten auch f\u00fcr Zwecke der Werbung und Datenanalyse jederzeit widersprechen.\r\n\r\n\r\n\r\nPresseb\u00fcro Arne Bicker | Bahnweg 4 |\u00a079115 Freiburg |\u00a0info (at) abicker (punkt) de\r\n\r\n\r\n\r\n&nbsp;","protected":false},"excerpt":{"rendered":"<p>Datenschutz Der Schutz Ihrer personenbezogenen Daten ist f\u00fcr uns wichtig. F\u00fcr die Nutzer der Website&#8230;<\/p>\n","protected":false},"author":1,"featured_media":0,"parent":0,"menu_order":0,"comment_status":"closed","ping_status":"closed","template":"","meta":{"footnotes":""},"class_list":["post-179","page","type-page","status-publish","hentry"],"yoast_head":"<!-- This site is optimized with the Yoast SEO plugin v18.5.1 - https:\/\/yoast.com\/wordpress\/plugins\/seo\/ -->\n<title>Datenschutzerkl\u00e4rung - Presseb\u00fcro Arne Bicker<\/title>\n<meta name=\"robots\" content=\"index, follow, max-snippet:-1, max-image-preview:large, max-video-preview:-1\" \/>\n<link rel=\"canonical\" href=\"https:\/\/abicker.de\/index.php\/datenschutzerklaerung\/\" \/>\n<meta property=\"og:locale\" content=\"de_DE\" \/>\n<meta property=\"og:type\" content=\"article\" \/>\n<meta property=\"og:title\" content=\"Datenschutzerkl\u00e4rung - Presseb\u00fcro Arne Bicker\" \/>\n<meta property=\"og:description\" content=\"Datenschutz Der Schutz Ihrer personenbezogenen Daten ist f\u00fcr uns wichtig. F\u00fcr die Nutzer der Website...\" \/>\n<meta property=\"og:url\" content=\"https:\/\/abicker.de\/index.php\/datenschutzerklaerung\/\" \/>\n<meta property=\"og:site_name\" content=\"Presseb\u00fcro Arne Bicker\" \/>\n<meta name=\"twitter:card\" content=\"summary_large_image\" \/>\n<meta name=\"twitter:label1\" content=\"Gesch\u00e4tzte Lesezeit\" \/>\n\t<meta name=\"twitter:data1\" content=\"2\u00a0Minuten\" \/>\n<script type=\"application\/ld+json\" class=\"yoast-schema-graph\">{\"@context\":\"https:\/\/schema.org\",\"@graph\":[{\"@type\":\"WebSite\",\"@id\":\"https:\/\/abicker.de\/#website\",\"url\":\"https:\/\/abicker.de\/\",\"name\":\"Presseb\u00fcro Arne Bicker\",\"description\":\"Journalist | Moderator | Sprecher | Autor\",\"potentialAction\":[{\"@type\":\"SearchAction\",\"target\":{\"@type\":\"EntryPoint\",\"urlTemplate\":\"https:\/\/abicker.de\/?s={search_term_string}\"},\"query-input\":\"required name=search_term_string\"}],\"inLanguage\":\"de\"},{\"@type\":\"WebPage\",\"@id\":\"https:\/\/abicker.de\/index.php\/datenschutzerklaerung\/#webpage\",\"url\":\"https:\/\/abicker.de\/index.php\/datenschutzerklaerung\/\",\"name\":\"Datenschutzerkl\u00e4rung - Presseb\u00fcro Arne Bicker\",\"isPartOf\":{\"@id\":\"https:\/\/abicker.de\/#website\"},\"datePublished\":\"2021-12-23T22:02:20+00:00\",\"dateModified\":\"2021-12-23T22:02:20+00:00\",\"breadcrumb\":{\"@id\":\"https:\/\/abicker.de\/index.php\/datenschutzerklaerung\/#breadcrumb\"},\"inLanguage\":\"de\",\"potentialAction\":[{\"@type\":\"ReadAction\",\"target\":[\"https:\/\/abicker.de\/index.php\/datenschutzerklaerung\/\"]}]},{\"@type\":\"BreadcrumbList\",\"@id\":\"https:\/\/abicker.de\/index.php\/datenschutzerklaerung\/#breadcrumb\",\"itemListElement\":[{\"@type\":\"ListItem\",\"position\":1,\"name\":\"Home\",\"item\":\"https:\/\/abicker.de\/\"},{\"@type\":\"ListItem\",\"position\":2,\"name\":\"Datenschutzerkl\u00e4rung\"}]}]}<\/script>\n<!-- \/ Yoast SEO plugin. -->","yoast_head_json":{"title":"Datenschutzerkl\u00e4rung - Presseb\u00fcro Arne Bicker","robots":{"index":"index","follow":"follow","max-snippet":"max-snippet:-1","max-image-preview":"max-image-preview:large","max-video-preview":"max-video-preview:-1"},"canonical":"https:\/\/abicker.de\/index.php\/datenschutzerklaerung\/","og_locale":"de_DE","og_type":"article","og_title":"Datenschutzerkl\u00e4rung - Presseb\u00fcro Arne Bicker","og_description":"Datenschutz Der Schutz Ihrer personenbezogenen Daten ist f\u00fcr uns wichtig. F\u00fcr die Nutzer der Website...","og_url":"https:\/\/abicker.de\/index.php\/datenschutzerklaerung\/","og_site_name":"Presseb\u00fcro Arne Bicker","twitter_card":"summary_large_image","twitter_misc":{"Gesch\u00e4tzte Lesezeit":"2\u00a0Minuten"},"schema":{"@context":"https:\/\/schema.org","@graph":[{"@type":"WebSite","@id":"https:\/\/abicker.de\/#website","url":"https:\/\/abicker.de\/","name":"Presseb\u00fcro Arne Bicker","description":"Journalist | Moderator | Sprecher | Autor","potentialAction":[{"@type":"SearchAction","target":{"@type":"EntryPoint","urlTemplate":"https:\/\/abicker.de\/?s={search_term_string}"},"query-input":"required name=search_term_string"}],"inLanguage":"de"},{"@type":"WebPage","@id":"https:\/\/abicker.de\/index.php\/datenschutzerklaerung\/#webpage","url":"https:\/\/abicker.de\/index.php\/datenschutzerklaerung\/","name":"Datenschutzerkl\u00e4rung - Presseb\u00fcro Arne Bicker","isPartOf":{"@id":"https:\/\/abicker.de\/#website"},"datePublished":"2021-12-23T22:02:20+00:00","dateModified":"2021-12-23T22:02:20+00:00","breadcrumb":{"@id":"https:\/\/abicker.de\/index.php\/datenschutzerklaerung\/#breadcrumb"},"inLanguage":"de","potentialAction":[{"@type":"ReadAction","target":["https:\/\/abicker.de\/index.php\/datenschutzerklaerung\/"]}]},{"@type":"BreadcrumbList","@id":"https:\/\/abicker.de\/index.php\/datenschutzerklaerung\/#breadcrumb","itemListElement":[{"@type":"ListItem","position":1,"name":"Home","item":"https:\/\/abicker.de\/"},{"@type":"ListItem","position":2,"name":"Datenschutzerkl\u00e4rung"}]}]}},"_links":{"self":[{"href":"https:\/\/abicker.de\/index.php\/wp-json\/wp\/v2\/pages\/179","targetHints":{"allow":["GET"]}}],"collection":[{"href":"https:\/\/abicker.de\/index.php\/wp-json\/wp\/v2\/pages"}],"about":[{"href":"https:\/\/abicker.de\/index.php\/wp-json\/wp\/v2\/types\/page"}],"author":[{"embeddable":true,"href":"https:\/\/abicker.de\/index.php\/wp-json\/wp\/v2\/users\/1"}],"replies":[{"embeddable":true,"href":"https:\/\/abicker.de\/index.php\/wp-json\/wp\/v2\/comments?post=179"}],"version-history":[{"count":1,"href":"https:\/\/abicker.de\/index.php\/wp-json\/wp\/v2\/pages\/179\/revisions"}],"predecessor-version":[{"id":180,"href":"https:\/\/abicker.de\/index.php\/wp-json\/wp\/v2\/pages\/179\/revisions\/180"}],"wp:attachment":[{"href":"https:\/\/abicker.de\/index.php\/wp-json\/wp\/v2\/media?parent=179"}],"curies":[{"name":"wp","href":"https:\/\/api.w.org\/{rel}","templated":true}]}}